{"id":847,"date":"2025-02-25T22:17:27","date_gmt":"2025-02-25T21:17:27","guid":{"rendered":"https:\/\/amea.isabellatech.co\/?page_id=847"},"modified":"2025-03-13T12:04:39","modified_gmt":"2025-03-13T11:04:39","slug":"newsletter-2","status":"publish","type":"page","link":"https:\/\/www.ameaestate.com\/es\/newsletter-2\/","title":{"rendered":"Newsletter"},"content":{"rendered":"<section class=\"flex flex-col items-center max-w-6xl gap-16 mx-auto my-32 w-content lg:flex-row\">\n            <img decoding=\"async\" src=\"https:\/\/www.ameaestate.com\/wp-content\/uploads\/2025\/02\/007-1.jpg\" alt=\"\" class=\"lg:w-1\/2 lg:aspect-[3\/4] object-cover object-center rounded-t-full order-last lg:order-first\">\n        <div class=\"max-w-xl lg:w-1\/2 lg:mt-32 flex flex-col justify-center items-center order-first lg:order-last h-full\">\n                    <h1 class=\"mb-12 text-center\">Suscr\u00edbase a nuestra newsletter<\/h1>\n                            <div class=\"mb-8 text-center format\"><p>Reg\u00edstrese para iniciar su viaje y ser el primero en recibir acceso anticipado a propiedades exclusivas, historias inspiradoras y las \u00faltimas novedades de Amea.<\/p>\n<\/div>\n                <div class=\"flex flex-col justify-between gap-16\">\n            <form\n                id=\"69f41e2e9cec4\"\n                action=\"https:\/\/www.ameaestate.com\/wp-admin\/admin-ajax.php\"\n                method=\"post\"\n                data-action=\"contact_form\"\n                class=\"flex flex-col gap-4 inmo-form w-full max-w-xl\">\n                <input type=\"hidden\" id=\"contact_form_nonce_field\" name=\"contact_form_nonce_field\" value=\"ba8948a015\" \/><input type=\"hidden\" name=\"_wp_http_referer\" value=\"\/es\/wp-json\/wp\/v2\/pages\/847\" \/>\n                <!-- User type selector -->\n                <div x-data=\"{ userType: '' }\" class=\"w-full\">\n                    <p class=\"text-xs mb-3 text-dark\/60 font-medium uppercase tracking-wide\">I am a&#8230;<\/p>\n                    <div class=\"flex gap-2 w-full\">\n                        <label\n                            :class=\"userType === 'agent' ? 'bg-dark text-light border-dark' : 'bg-transparent border-dark\/30 hover:border-dark'\"\n                            class=\"flex-1 flex items-center gap-3 cursor-pointer py-3 px-4 border-2 transition-all duration-200 text-sm font-medium select-none\">\n                            <input type=\"radio\" name=\"rol\" value=\"agent\" x-model=\"userType\" class=\"sr-only\" required>\n                            <span\n                                :class=\"userType === 'agent' ? 'border-light' : 'border-dark\/50'\"\n                                class=\"w-4 h-4 rounded-full border-2 flex-shrink-0 flex items-center justify-center transition-all duration-200\">\n                                <span\n                                    :class=\"userType === 'agent' ? 'scale-100 bg-light' : 'scale-0 bg-dark'\"\n                                    class=\"w-2 h-2 rounded-full transition-transform duration-200\"><\/span>\n                            <\/span>\n                            Agent                        <\/label>\n                        <label\n                            :class=\"userType === 'client' ? 'bg-dark text-light border-dark' : 'bg-transparent border-dark\/30 hover:border-dark'\"\n                            class=\"flex-1 flex items-center gap-3 cursor-pointer py-3 px-4 border-2 transition-all duration-200 text-sm font-medium select-none\">\n                            <input type=\"radio\" name=\"rol\" value=\"client\" x-model=\"userType\" class=\"sr-only\">\n                            <span\n                                :class=\"userType === 'client' ? 'border-light' : 'border-dark\/50'\"\n                                class=\"w-4 h-4 rounded-full border-2 flex-shrink-0 flex items-center justify-center transition-all duration-200\">\n                                <span\n                                    :class=\"userType === 'client' ? 'scale-100 bg-light' : 'scale-0 bg-dark'\"\n                                    class=\"w-2 h-2 rounded-full transition-transform duration-200\"><\/span>\n                            <\/span>\n                            Buyer \/ Client                        <\/label>\n                    <\/div>\n                <\/div>\n\n                <!-- Name + Phone -->\n                <div class=\"grid grid-cols-2 gap-3 w-full\">\n                    \n<input type=\"text\" name=\"name\" id=\"69f41e2e9cec4-name\" class=\"bg-input border-0 text-black placeholder:text-input-text px-3 py-2 flex-1 focus:ring-2 focus:ring-light-muted h-11\"  placeholder=\"Full name\" required  autocomplete=\"off\"   >                    <input\n                        id=\"69f41e2e9cec4-phone\"\n                        name=\"phone\"\n                        type=\"tel\"\n                        placeholder=\"Phone (optional)\"\n                        class=\"h-11 w-full text-black border-none bg-input placeholder:text-input-text focus:ring-2 focus:ring-light-muted rounded\">\n                <\/div>\n\n                <!-- Email + Button -->\n                <div class=\"flex gap-3 w-full sm:items-stretch\">\n                    \n<input type=\"text\" name=\"email\" id=\"69f41e2e9cec4-email\" class=\"bg-input border-0 text-black placeholder:text-input-text px-3 py-2 flex-1 focus:ring-2 focus:ring-light-muted flex-1 h-11\"  placeholder=\"Introduce tu email\" required  autocomplete=\"off\"   >                    <button\n                        type=\"submit\"\n                        class=\"group transition duration-300 bg-dark text-light px-10 h-11 flex items-center justify-center !no-underline shrink-0\">\n                        <span\n                            class=\"relative inline-block w-fit\n                                    [&#038;:after]:content-['']\n                                    [&#038;:after]:absolute\n                                    [&#038;:after]:bottom-0\n                                    [&#038;:after]:left-0\n                                    [&#038;:after]:bg-current\n                                    [&#038;:after]:block\n                                    [&#038;:after]:w-0\n                                    [&#038;:after]:h-px\n                                    [&#038;:after]:transition-all\n                                    [&#038;:after]:duration-300\n                                    [&#038;:after]:bg-light\n                                    group-hover:[&#038;:after]:w-full\n                    \">\n                            Inscribirse<\/span>\n                    <\/button>\n                <\/div>\n\n                <!-- Terms checkbox -->\n                <div class=\"flex gap-2 text-dark\">\n    <input type=\"checkbox\" name=\"terms\" id=\"69f41e2e9cec4-terms\" class=\"size-4 block mt-1 border-light-muted focus:ring-0 focus:outline-none\"   required >\n    <label class=\"flex-1\" for=\"69f41e2e9cec4-terms\">Acepto los <a href=\"\/privacy-policy\" class=\"underline hover:no-underline transition-all\">terminos y condiciones de uso<\/a><\/label>\n<\/div>\n                <input type=\"hidden\" name=\"form-name\" value=\"Newsletter Form\">\n            <\/form>\n                            <div class=\"text-sm text-center format [&#038;_a]:underline [&#038;_a:hover]:no-underline\"><p>Al proporcionar a Amea su informaci\u00f3n de contacto, usted reconoce y acepta nuestra <a href=\"https:\/\/ameaestate.com\/es\/privacy-policy\/\">Pol\u00edtica de privacidad<\/a> y da su consentimiento para recibir comunicaciones de marketing. Este consentimiento no es necesario para adquirir ning\u00fan producto o servicio y puede darse de baja en cualquier momento. Para darse de baja de los correos electr\u00f3nicos, puede hacer clic en el enlace para darse de baja que aparece en los correos electr\u00f3nicos.<\/p>\n<\/div>\n                    <\/div>\n<\/section>","protected":false},"excerpt":{"rendered":"","protected":false},"author":1,"featured_media":0,"parent":0,"menu_order":0,"comment_status":"closed","ping_status":"closed","template":"","meta":{"_acf_changed":false,"slim_seo":{"title":"Newsletter - Amea","description":"[:en][:es][:]"},"footnotes":""},"class_list":["post-847","page","type-page","status-publish","hentry"],"acf":[],"_links":{"self":[{"href":"https:\/\/www.ameaestate.com\/es\/wp-json\/wp\/v2\/pages\/847","targetHints":{"allow":["GET"]}}],"collection":[{"href":"https:\/\/www.ameaestate.com\/es\/wp-json\/wp\/v2\/pages"}],"about":[{"href":"https:\/\/www.ameaestate.com\/es\/wp-json\/wp\/v2\/types\/page"}],"author":[{"embeddable":true,"href":"https:\/\/www.ameaestate.com\/es\/wp-json\/wp\/v2\/users\/1"}],"replies":[{"embeddable":true,"href":"https:\/\/www.ameaestate.com\/es\/wp-json\/wp\/v2\/comments?post=847"}],"version-history":[{"count":2,"href":"https:\/\/www.ameaestate.com\/es\/wp-json\/wp\/v2\/pages\/847\/revisions"}],"predecessor-version":[{"id":852,"href":"https:\/\/www.ameaestate.com\/es\/wp-json\/wp\/v2\/pages\/847\/revisions\/852"}],"wp:attachment":[{"href":"https:\/\/www.ameaestate.com\/es\/wp-json\/wp\/v2\/media?parent=847"}],"curies":[{"name":"wp","href":"https:\/\/api.w.org\/{rel}","templated":true}]}}