{"id":815,"date":"2025-02-25T22:17:27","date_gmt":"2025-02-25T21:17:27","guid":{"rendered":"https:\/\/amea.isabellatech.co\/?page_id=815"},"modified":"2025-03-26T13:02:40","modified_gmt":"2025-03-26T12:02:40","slug":"team","status":"publish","type":"page","link":"https:\/\/www.ameaestate.com\/es\/team\/","title":{"rendered":"Equipo"},"content":{"rendered":"<section class=\"w-full h-[400px] p-3\">\n    <div \n        class=\"size-full bg-cover bg-center bg-no-repeat content-center\" \n        style=\"background-image: linear-gradient(180deg, rgba(0, 0, 0, 0.4) 0%, rgba(0, 0, 0, 0.2) 30%), url(https:\/\/www.ameaestate.com\/wp-content\/uploads\/2025\/01\/Box.png);\">\n        <div class=\"max-w-6xl mx-auto w-content text-white\">\n                            <div class=\"lg:w-2\/3 format text-center sm:text-start\"><h1>Nuestro equipo<\/h1>\n<\/div>\n                    <\/div>\n    <\/div>\n<\/section>\n\n\n\n<section   \n    x-data=\"{ teamModal: false }\" \n    x-init=\"$watch('teamModal', function(value) { \n                $store.body.setScroll(value); \n            })\" \n    class=\"max-w-6xl mx-auto w-content my-32 flex flex-col gap-12 relative\">\n    <div class=\"space-y-3\">\n                    <h2>Todo el equipo<\/h2>\n                    <\/div>\n    <div class=\"grid grid-cols-1 sm:grid-cols-2 lg:grid-cols-3 gap-12 md:gap-8\">\n            \n<a href=\"https:\/\/www.ameaestate.com\/es\/members\/kenan-sinanovic\/\" class=\"space-y-3 group md:space-y-4\">\n            <img decoding=\"async\" src=\"https:\/\/www.ameaestate.com\/wp-content\/uploads\/2025\/01\/DSC08952-Large-2.jpeg\" alt=\"team\" class=\"h-[511px] w-full object-cover object-center\" loading=\"lazy\">\n        <div class=\"flex flex-col gap-2 md:gap-2\">\n        <h3 class=\"w-fit relative text-dark hover:text-light-muted inline-block [&#038;:after]:content-[''] [&#038;:after]:bg-black [&#038;:after]:block [&#038;:after]:w-0 [&#038;:after]:h-px [&#038;:after]:bg-current [&#038;:after]:transition-all [&#038;:after]:duration-300 group-hover:[&#038;:after]:w-full\">\n            Kenan Sinanovic        <\/h3>\n        <p class=\"text-light-muted\">Asesor inmobiliario y socio fundador<\/p>\n    <\/div>\n<\/a>\n<a href=\"https:\/\/www.ameaestate.com\/es\/members\/loredana-gorghiu\/\" class=\"space-y-3 group md:space-y-4\">\n            <img decoding=\"async\" src=\"https:\/\/www.ameaestate.com\/wp-content\/uploads\/2025\/11\/IMG_5321-scaled.png\" alt=\"team\" class=\"h-[511px] w-full object-cover object-center\" loading=\"lazy\">\n        <div class=\"flex flex-col gap-2 md:gap-2\">\n        <h3 class=\"w-fit relative text-dark hover:text-light-muted inline-block [&#038;:after]:content-[''] [&#038;:after]:bg-black [&#038;:after]:block [&#038;:after]:w-0 [&#038;:after]:h-px [&#038;:after]:bg-current [&#038;:after]:transition-all [&#038;:after]:duration-300 group-hover:[&#038;:after]:w-full\">\n            Loredana Gorghiu        <\/h3>\n        <p class=\"text-light-muted\">Socia y Directora General<\/p>\n    <\/div>\n<\/a>\n<a href=\"https:\/\/www.ameaestate.com\/es\/members\/adi-sofradzija\/\" class=\"space-y-3 group md:space-y-4\">\n            <img decoding=\"async\" src=\"https:\/\/www.ameaestate.com\/wp-content\/uploads\/2025\/01\/AMEA13-2.png\" alt=\"team\" class=\"h-[511px] w-full object-cover object-center\" loading=\"lazy\">\n        <div class=\"flex flex-col gap-2 md:gap-2\">\n        <h3 class=\"w-fit relative text-dark hover:text-light-muted inline-block [&#038;:after]:content-[''] [&#038;:after]:bg-black [&#038;:after]:block [&#038;:after]:w-0 [&#038;:after]:h-px [&#038;:after]:bg-current [&#038;:after]:transition-all [&#038;:after]:duration-300 group-hover:[&#038;:after]:w-full\">\n            Adi Sofradzija        <\/h3>\n        <p class=\"text-light-muted\">CEO y Socio Fundador<\/p>\n    <\/div>\n<\/a>\n<a href=\"https:\/\/www.ameaestate.com\/es\/members\/theodor-forselius\/\" class=\"space-y-3 group md:space-y-4\">\n            <img decoding=\"async\" src=\"https:\/\/www.ameaestate.com\/wp-content\/uploads\/2025\/01\/theodor_amea_color_v3-1.png\" alt=\"team\" class=\"h-[511px] w-full object-cover object-center\" loading=\"lazy\">\n        <div class=\"flex flex-col gap-2 md:gap-2\">\n        <h3 class=\"w-fit relative text-dark hover:text-light-muted inline-block [&#038;:after]:content-[''] [&#038;:after]:bg-black [&#038;:after]:block [&#038;:after]:w-0 [&#038;:after]:h-px [&#038;:after]:bg-current [&#038;:after]:transition-all [&#038;:after]:duration-300 group-hover:[&#038;:after]:w-full\">\n            Theodor Forselius        <\/h3>\n        <p class=\"text-light-muted\">Miembro del Consejo y Asesor Estrat\u00e9gico<\/p>\n    <\/div>\n<\/a>\n<a href=\"https:\/\/www.ameaestate.com\/es\/members\/mathias-bosaeus\/\" class=\"space-y-3 group md:space-y-4\">\n            <img decoding=\"async\" src=\"https:\/\/www.ameaestate.com\/wp-content\/uploads\/2026\/01\/Amea-6-scaled.jpg\" alt=\"team\" class=\"h-[511px] w-full object-cover object-center\" loading=\"lazy\">\n        <div class=\"flex flex-col gap-2 md:gap-2\">\n        <h3 class=\"w-fit relative text-dark hover:text-light-muted inline-block [&#038;:after]:content-[''] [&#038;:after]:bg-black [&#038;:after]:block [&#038;:after]:w-0 [&#038;:after]:h-px [&#038;:after]:bg-current [&#038;:after]:transition-all [&#038;:after]:duration-300 group-hover:[&#038;:after]:w-full\">\n            Mathias Bosaeus        <\/h3>\n        <p class=\"text-light-muted\">Senior Property Advisor<\/p>\n    <\/div>\n<\/a>\n<a href=\"https:\/\/www.ameaestate.com\/es\/members\/paula-guerrero\/\" class=\"space-y-3 group md:space-y-4\">\n            <img decoding=\"async\" src=\"https:\/\/www.ameaestate.com\/wp-content\/uploads\/2025\/11\/DSC08856-Large.jpeg\" alt=\"team\" class=\"h-[511px] w-full object-cover object-center\" loading=\"lazy\">\n        <div class=\"flex flex-col gap-2 md:gap-2\">\n        <h3 class=\"w-fit relative text-dark hover:text-light-muted inline-block [&#038;:after]:content-[''] [&#038;:after]:bg-black [&#038;:after]:block [&#038;:after]:w-0 [&#038;:after]:h-px [&#038;:after]:bg-current [&#038;:after]:transition-all [&#038;:after]:duration-300 group-hover:[&#038;:after]:w-full\">\n            Paula Guerrero        <\/h3>\n        <p class=\"text-light-muted\">Asesora Inmobiliaria<\/p>\n    <\/div>\n<\/a>\n<a href=\"https:\/\/www.ameaestate.com\/es\/members\/dasha-zaytseva\/\" class=\"space-y-3 group md:space-y-4\">\n            <img decoding=\"async\" src=\"https:\/\/www.ameaestate.com\/wp-content\/uploads\/2025\/09\/AR506708-1-scaled.jpg\" alt=\"team\" class=\"h-[511px] w-full object-cover object-center\" loading=\"lazy\">\n        <div class=\"flex flex-col gap-2 md:gap-2\">\n        <h3 class=\"w-fit relative text-dark hover:text-light-muted inline-block [&#038;:after]:content-[''] [&#038;:after]:bg-black [&#038;:after]:block [&#038;:after]:w-0 [&#038;:after]:h-px [&#038;:after]:bg-current [&#038;:after]:transition-all [&#038;:after]:duration-300 group-hover:[&#038;:after]:w-full\">\n            Darya Zaytseva        <\/h3>\n        <p class=\"text-light-muted\">Director de Marketing<\/p>\n    <\/div>\n<\/a>    <\/div>\n<\/section>\n\n\n<section class=\"relative w-content mx-auto\">\n            <img decoding=\"async\" src=\"https:\/\/www.ameaestate.com\/wp-content\/uploads\/2025\/01\/Box-1.png\" alt=\"newsletter background\" class=\"absolute inset-0 size-full aspect-video object-cover -z-10\" loading=\"lazy\">\n        <div class=\"absolute top-0 left-0 size-full bg-dark\/60 -z-10 pointer-events-none\"><\/div>\n        <div class=\"max-w-3xl mx-auto w-content flex text-center sm:text-start flex-col gap-5 text-light py-32\">\n                    <h2 class=\"text-balance\">\u00bfLe interesa unirse a nuestro equipo en expansi\u00f3n?<\/h2>\n                            <div class=\"format text-dark-muted\"><p>Con Amea, se ver\u00e1 envuelto por un equipo de asesores inmobiliarios de primer nivel, h\u00e1biles gestores de proyectos y h\u00e1biles arquitectos que dar\u00e1n vida a su visi\u00f3n de forma impecable. Estamos encantados de ser su destino final para todas sus consultas y peticiones relacionadas con la propiedad.<\/p>\n<\/div>\n                            <div class=\"flex justify-center sm:justify-start items-center mb-0.5\">\n                <a class=\"underline underline-offset-[6px] transition duration-300 text-light hover:text-dark-muted\" href=\"https:\/\/ameaestate.com\/es\/careers\/\" target=\"_self\">Descubre m\u00e1s<\/a>            <\/div>\n            <\/div>\n<\/section>","protected":false},"excerpt":{"rendered":"","protected":false},"author":1,"featured_media":0,"parent":0,"menu_order":0,"comment_status":"closed","ping_status":"closed","template":"","meta":{"_acf_changed":false,"slim_seo":{"title":"Conoce nuestro equipo - Amea","description":"Con Amea, se ver\u00e1 envuelto por un equipo de asesores inmobiliarios de primer nivel, h\u00e1biles gestores de proyectos y h\u00e1biles arquitectos que dar\u00e1n vida a su visi\u00f3n de forma impecable. Estamos encantados de ser su destino final para todas sus consultas y peticiones relacionadas con la propiedad."},"footnotes":""},"class_list":["post-815","page","type-page","status-publish","hentry"],"acf":[],"_links":{"self":[{"href":"https:\/\/www.ameaestate.com\/es\/wp-json\/wp\/v2\/pages\/815","targetHints":{"allow":["GET"]}}],"collection":[{"href":"https:\/\/www.ameaestate.com\/es\/wp-json\/wp\/v2\/pages"}],"about":[{"href":"https:\/\/www.ameaestate.com\/es\/wp-json\/wp\/v2\/types\/page"}],"author":[{"embeddable":true,"href":"https:\/\/www.ameaestate.com\/es\/wp-json\/wp\/v2\/users\/1"}],"replies":[{"embeddable":true,"href":"https:\/\/www.ameaestate.com\/es\/wp-json\/wp\/v2\/comments?post=815"}],"version-history":[{"count":15,"href":"https:\/\/www.ameaestate.com\/es\/wp-json\/wp\/v2\/pages\/815\/revisions"}],"predecessor-version":[{"id":3476,"href":"https:\/\/www.ameaestate.com\/es\/wp-json\/wp\/v2\/pages\/815\/revisions\/3476"}],"wp:attachment":[{"href":"https:\/\/www.ameaestate.com\/es\/wp-json\/wp\/v2\/media?parent=815"}],"curies":[{"name":"wp","href":"https:\/\/api.w.org\/{rel}","templated":true}]}}