{"id":713,"date":"2025-02-25T22:17:27","date_gmt":"2025-02-25T21:17:27","guid":{"rendered":"https:\/\/amea.isabellatech.co\/?page_id=713"},"modified":"2025-06-24T14:27:23","modified_gmt":"2025-06-24T12:27:23","slug":"guides","status":"publish","type":"page","link":"https:\/\/www.ameaestate.com\/es\/guides\/","title":{"rendered":"Gu\u00edas"},"content":{"rendered":"<section class=\"max-w-6xl mx-auto w-content my-32 flex  gap-16\">\n        <div class=\" max-w-3xl mx-auto w-full flex flex-col justify-center gap-8\">\n                    <h2 class=\"text-dark text-center\">Nuestras Gu\u00edas<\/h2>\n                            <div style=\"text-align: center !important\" class=\"format text-pretty\"><h3 style=\"text-align: center;\">Compraventa de inmuebles en Marbella<\/h3>\n<p style=\"text-align: center;\">Le ofrecemos nuestros amplios conocimientos y el apoyo de expertos para ayudarle a navegar por el mercado inmobiliario de Marbella. Nuestras extensas gu\u00edas abarcan todo, desde los procedimientos de compra y venta hasta los requisitos previos legales y financieros, as\u00ed como las consideraciones fiscales asociadas a la propiedad de una vivienda en Marbella.<\/p>\n<\/div>\n                    <\/div>\n<\/section>\n\n<section class=\"max-w-6xl mx-auto w-content my-32 space-y-12\">\n        <div class=\"grid grid-cols-1 md:grid-cols-2 lg:grid-cols-3 gap-12 md:gap-8\">\n                        \n<article class=\"space-y-3 \">\n            <img decoding=\"async\" src=\"https:\/\/www.ameaestate.com\/wp-content\/uploads\/2025\/01\/amealazagaleta-800x500.jpg\" alt=\"location\" class=\"h-[364px] sm:h-[476px] size-full object-cover object-center\" loading=\"lazy\">\n        <div class=\"flex flex-col gap-2\">\n                    <h3 class=\"text-dark\">Buy a Property<\/h3>\n                            <p class=\"text-light-muted line-clamp-3\">Gu\u00eda del proceso de compra en Marbella y Espa\u00f1a<\/p>\n                <a class=\"underline underline-offset-[6px] transition duration-300 text-sm text-dark hover:text-light-muted\" href=\"https:\/\/www.ameaestate.com\/es\/guides\/buy-property-marbella\/\" target=\"_self\">Leer m\u00e1s<\/a>    <\/div>\n<\/article>                        \n<article class=\"space-y-3 \">\n            <img decoding=\"async\" src=\"https:\/\/www.ameaestate.com\/wp-content\/uploads\/2025\/02\/ameavillabenahavis-702x800.jpg\" alt=\"location\" class=\"h-[364px] sm:h-[476px] size-full object-cover object-center\" loading=\"lazy\">\n        <div class=\"flex flex-col gap-2\">\n                    <h3 class=\"text-dark\">Vende tu Propiedad<\/h3>\n                            <p class=\"text-light-muted line-clamp-3\">Gu\u00eda del proceso de venta en Marbella y Espa\u00f1a<\/p>\n                <a class=\"underline underline-offset-[6px] transition duration-300 text-sm text-dark hover:text-light-muted\" href=\"https:\/\/www.ameaestate.com\/es\/guides\/selling\/\" target=\"_self\">Leer m\u00e1s<\/a>    <\/div>\n<\/article>                        \n<article class=\"space-y-3 \">\n            <img decoding=\"async\" src=\"https:\/\/www.ameaestate.com\/wp-content\/uploads\/2025\/02\/IMG_8735-653x800.jpg\" alt=\"location\" class=\"h-[364px] sm:h-[476px] size-full object-cover object-center\" loading=\"lazy\">\n        <div class=\"flex flex-col gap-2\">\n                    <h3 class=\"text-dark\">Impuestos sobre propiedades para Espa\u00f1a<\/h3>\n                            <p class=\"text-light-muted line-clamp-3\">Impuestos sobre la propiedad en Marbella y Espa\u00f1a<\/p>\n                <a class=\"underline underline-offset-[6px] transition duration-300 text-sm text-dark hover:text-light-muted\" href=\"https:\/\/www.ameaestate.com\/es\/guides\/taxes\/\" target=\"_self\">Leer m\u00e1s<\/a>    <\/div>\n<\/article>            <\/div>\n<\/section>\n\n\n<section class=\"relative w-content mx-auto\">\n            <img decoding=\"async\" src=\"https:\/\/www.ameaestate.com\/wp-content\/uploads\/2025\/01\/image-29.png\" alt=\"newsletter background\" class=\"absolute inset-0 size-full aspect-video object-cover -z-10\" loading=\"lazy\">\n        <div class=\"absolute top-0 left-0 size-full bg-dark\/60 -z-10 pointer-events-none\"><\/div>\n        <div class=\"max-w-3xl mx-auto w-content flex text-center sm:text-start flex-col gap-5 text-light py-32\">\n                    <h2 class=\"text-balance\">La Zagaleta<\/h2>\n                            <div class=\"format text-dark-muted\"><p>Situada en las pintorescas colinas de Espa\u00f1a, La Zagaleta es una urbanizaci\u00f3n privada ultralujosa famosa por sus opulentas villas, campos de golf de campeonato e instalaciones ecuestres de \u00e9lite. Exclusividad, privacidad e impresionantes paisajes definen este incomparable para\u00edso de sofisticaci\u00f3n y grandeza mediterr\u00e1neas.<\/p>\n<\/div>\n                            <div class=\"flex justify-center sm:justify-start items-center mb-0.5\">\n                <a class=\"underline underline-offset-[6px] transition duration-300 text-light hover:text-dark-muted\" href=\"https:\/\/ameaestate.com\/es\/about-us\/\" target=\"_self\">Descubre m\u00e1s<\/a>            <\/div>\n            <\/div>\n<\/section>\n\n\n<section class=\"max-w-6xl mx-auto w-content my-32 flex  gap-16\">\n        <div class=\" max-w-3xl mx-auto w-full flex flex-col justify-center gap-8\">\n                    <h2 class=\"text-dark text-center\">Bienvenido a las mejores zonas de Marbella<\/h2>\n                            <div style=\"text-align: center !important\" class=\"format text-pretty\"><p style=\"text-align: center;\">Nuestras gu\u00edas personalizadas se centran en los principales barrios de Marbella, mostrando una visi\u00f3n completa de las zonas m\u00e1s codiciadas y atractivas, proporcion\u00e1ndole toda la informaci\u00f3n esencial que necesita saber.<\/p>\n<\/div>\n                    <\/div>\n<\/section>\n\n<section class=\"max-w-6xl mx-auto w-content my-32 space-y-12\">\n            <div class=\"space-y-5\">\n                            <h2>Todas las Localizaciones<\/h2>\n                                <\/div>\n        <div class=\"grid grid-cols-1 md:grid-cols-2 gap-12 md:gap-8\">\n                        \n<article class=\"space-y-3 \">\n            <img decoding=\"async\" src=\"https:\/\/www.ameaestate.com\/wp-content\/uploads\/2025\/02\/641e1595-e3df-40f3-9a16-b4853f35e8af-1-800x600.jpg\" alt=\"location\" class=\"h-[364px] size-full object-cover object-center\" loading=\"lazy\">\n        <div class=\"flex flex-col gap-2\">\n                    <h3 class=\"text-dark\">Nueva Andaluc\u00eda<\/h3>\n                            <p class=\"text-light-muted line-clamp-3\">Explore el famoso Valle del Golf<\/p>\n                <a class=\"underline underline-offset-[6px] transition duration-300 text-sm text-dark hover:text-light-muted\" href=\"https:\/\/www.ameaestate.com\/es\/guides\/nueva-andalucia\/\" target=\"_self\">Leer m\u00e1s<\/a>    <\/div>\n<\/article>                        \n<article class=\"space-y-3 \">\n            <img decoding=\"async\" src=\"https:\/\/www.ameaestate.com\/wp-content\/uploads\/2025\/02\/ameasierrablanca-800x600.jpg\" alt=\"location\" class=\"h-[364px] size-full object-cover object-center\" loading=\"lazy\">\n        <div class=\"flex flex-col gap-2\">\n                    <h3 class=\"text-dark\">Sierra Blanca<\/h3>\n                            <p class=\"text-light-muted line-clamp-3\">M\u00e1s informaci\u00f3n sobre la suberbia urbanizaci\u00f3n cerrada de Marbella<\/p>\n                <a class=\"underline underline-offset-[6px] transition duration-300 text-sm text-dark hover:text-light-muted\" href=\"https:\/\/www.ameaestate.com\/es\/guides\/sierra-blanca\/\" target=\"_self\">Leer m\u00e1s<\/a>    <\/div>\n<\/article>                        \n<article class=\"space-y-3 \">\n            <img decoding=\"async\" src=\"https:\/\/www.ameaestate.com\/wp-content\/uploads\/2025\/02\/ameawebsitelomasdelaquinta-600x800.png\" alt=\"location\" class=\"h-[364px] size-full object-cover object-center\" loading=\"lazy\">\n        <div class=\"flex flex-col gap-2\">\n                    <h3 class=\"text-dark\">La Quinta<\/h3>\n                            <p class=\"text-light-muted line-clamp-3\">Explore el verdor, la privacidad y la exclusividad<\/p>\n                <a class=\"underline underline-offset-[6px] transition duration-300 text-sm text-dark hover:text-light-muted\" href=\"https:\/\/www.ameaestate.com\/es\/guides\/la-quinta\/\" target=\"_self\">Leer m\u00e1s<\/a>    <\/div>\n<\/article>                        \n<article class=\"space-y-3 \">\n            <img decoding=\"async\" src=\"https:\/\/www.ameaestate.com\/wp-content\/uploads\/2025\/01\/image-28.png\" alt=\"location\" class=\"h-[364px] size-full object-cover object-center\" loading=\"lazy\">\n        <div class=\"flex flex-col gap-2\">\n                    <h3 class=\"text-dark\">La Zagaleta<\/h3>\n                            <p class=\"text-light-muted line-clamp-3\">La urbanizaci\u00f3n cerrada m\u00e1s exclusiva<\/p>\n                <a class=\"underline underline-offset-[6px] transition duration-300 text-sm text-dark hover:text-light-muted\" href=\"https:\/\/www.ameaestate.com\/es\/guides\/la-zagaleta\/\" target=\"_self\">Leer m\u00e1s<\/a>    <\/div>\n<\/article>                        \n<article class=\"space-y-3 \">\n            <img decoding=\"async\" src=\"https:\/\/www.ameaestate.com\/wp-content\/uploads\/2025\/02\/dcb5af1a-c3e2-44ae-a0dc-040636d8f0f0-2-1-800x533.jpg\" alt=\"location\" class=\"h-[364px] size-full object-cover object-center\" loading=\"lazy\">\n        <div class=\"flex flex-col gap-2\">\n                    <h3 class=\"text-dark\">Marbella Golden Mile<\/h3>\n                            <p class=\"text-light-muted line-clamp-3\">La zona m\u00e1s exclusiva de Marbella<\/p>\n                <a class=\"underline underline-offset-[6px] transition duration-300 text-sm text-dark hover:text-light-muted\" href=\"https:\/\/www.ameaestate.com\/es\/guides\/golden-mile-marbella\/\" target=\"_self\">Leer m\u00e1s<\/a>    <\/div>\n<\/article>            <\/div>\n<\/section>","protected":false},"excerpt":{"rendered":"","protected":false},"author":1,"featured_media":0,"parent":0,"menu_order":0,"comment_status":"closed","ping_status":"closed","template":"","meta":{"_acf_changed":false,"slim_seo":{"title":"Gu\u00edas - Amea","description":"[:en] [:es] [:]"},"footnotes":""},"class_list":["post-713","page","type-page","status-publish","hentry"],"acf":[],"_links":{"self":[{"href":"https:\/\/www.ameaestate.com\/es\/wp-json\/wp\/v2\/pages\/713","targetHints":{"allow":["GET"]}}],"collection":[{"href":"https:\/\/www.ameaestate.com\/es\/wp-json\/wp\/v2\/pages"}],"about":[{"href":"https:\/\/www.ameaestate.com\/es\/wp-json\/wp\/v2\/types\/page"}],"author":[{"embeddable":true,"href":"https:\/\/www.ameaestate.com\/es\/wp-json\/wp\/v2\/users\/1"}],"replies":[{"embeddable":true,"href":"https:\/\/www.ameaestate.com\/es\/wp-json\/wp\/v2\/comments?post=713"}],"version-history":[{"count":41,"href":"https:\/\/www.ameaestate.com\/es\/wp-json\/wp\/v2\/pages\/713\/revisions"}],"predecessor-version":[{"id":4980,"href":"https:\/\/www.ameaestate.com\/es\/wp-json\/wp\/v2\/pages\/713\/revisions\/4980"}],"wp:attachment":[{"href":"https:\/\/www.ameaestate.com\/es\/wp-json\/wp\/v2\/media?parent=713"}],"curies":[{"name":"wp","href":"https:\/\/api.w.org\/{rel}","templated":true}]}}