{"id":694,"date":"2025-02-25T22:17:27","date_gmt":"2025-02-25T21:17:27","guid":{"rendered":"https:\/\/amea.isabellatech.co\/?page_id=694"},"modified":"2025-06-24T14:22:44","modified_gmt":"2025-06-24T12:22:44","slug":"project-management","status":"publish","type":"page","link":"https:\/\/www.ameaestate.com\/es\/project-management\/","title":{"rendered":"Gesti\u00f3n de proyectos"},"content":{"rendered":"<section class=\"w-full h-[400px] p-3\">\n    <div \n        class=\"size-full bg-cover bg-center bg-no-repeat content-center\" \n        style=\"background-image: linear-gradient(180deg, rgba(0, 0, 0, 0.4) 0%, rgba(0, 0, 0, 0.2) 30%), url(https:\/\/www.ameaestate.com\/wp-content\/uploads\/2025\/01\/Image.png);\">\n        <div class=\"max-w-6xl mx-auto w-content text-white\">\n                            <div class=\"lg:w-2\/3 format text-center sm:text-start\"><h1>Gesti\u00f3n de proyectos<\/h1>\n<p>Nuestro departamento de Gesti\u00f3n de Proyectos ofrece soluciones integrales y rentables para la construcci\u00f3n o renovaci\u00f3n de propiedades de lujo.<\/p>\n<\/div>\n                    <\/div>\n    <\/div>\n<\/section>\n\n\n\n<section class=\"max-w-6xl mx-auto w-content my-32 flex flex-col lg:flex-row gap-16\">\n            <img decoding=\"async\" class=\"max-h-[544px] size-full object-cover object-center lg:w-1\/2 order-first lg:order-last\" src=\"https:\/\/www.ameaestate.com\/wp-content\/uploads\/2025\/01\/Image-26.png\" alt=\"Our Services\" loading=\"lazy\">\n        <div class=\"lg:w-1\/2 max-w-3xl mx-auto w-full flex flex-col justify-center gap-8\">\n                    <h2 class=\"text-dark \">Our Services<\/h2>\n                            <div style=\"text-align: left\" class=\"format text-pretty\"><ul>\n<li>Representante del propietario<\/li>\n<li>Gesti\u00f3n del desarrollo<\/li>\n<li>Gesti\u00f3n de la construcci\u00f3n<\/li>\n<li>Dise\u00f1o: dise\u00f1o de interiores y arquitectura<\/li>\n<li>Supervisi\u00f3n de pr\u00e9stamos<\/li>\n<li>Testigo experto<\/li>\n<li>Gesti\u00f3n de costes<\/li>\n<li>Corretaje inmobiliario<\/li>\n<li>Due diligence<\/li>\n<li>Gesti\u00f3n de dise\u00f1o\/derechos<\/li>\n<li>Gesti\u00f3n de adquisiciones<\/li>\n<li>Gesti\u00f3n de cronogramas<\/li>\n<\/ul>\n<\/div>\n                    <\/div>\n<\/section>\n\n\n<section class=\"max-w-6xl mx-auto w-content my-32 flex flex-col gap-16\">\n            <img decoding=\"async\" class=\"max-h-[544px] size-full object-cover object-center order-last\" src=\"https:\/\/www.ameaestate.com\/wp-content\/uploads\/2025\/01\/image-27-800x378.png\" alt=\"\" loading=\"lazy\">\n        <div class=\" max-w-3xl mx-auto w-full flex flex-col justify-center gap-8\">\n                            <div style=\"text-align: left\" class=\"format text-pretty\"><p>Si bien cada proyecto es \u00fanico, la filosof\u00eda detr\u00e1s de cada uno es inquebrantable: en Amea nos esforzamos por crear entornos que sean intr\u00ednsecamente bellos y perfectamente funcionales.<\/p>\n<\/div>\n                    <\/div>\n<\/section>\n\n\n<section class=\"relative bg-white py-32 h-full\">\n            <div\n            class=\"absolute top-3 left-3 bottom-3 size-full h-[calc(100%-24px)] w-[calc(50vw-64px)] bg-cover bg-center bg-no-repeat hidden xl:block\"\n            style=\"background-image: linear-gradient(180deg, rgba(0, 0, 0, 0.4) 0%, rgba(0, 0, 0, 0.2) 30%, rgba(0, 0, 0, 0.1) 100%), url(https:\/\/www.ameaestate.com\/wp-content\/uploads\/2025\/01\/Image-14.png);\">\n        <\/div>\n        <div class=\"max-w-6xl mx-auto w-content flex justify-center xl:justify-end\">\n        \n<div class=\"max-w-[544px] w-full space-y-16\">\n    <div class=\"space-y-5\">\n                    <h2>\u00a1Ponte en contacto con nosotros!<\/h2>\n                            <div class=\"format text-pretty text-light-muted line-clamp-3\"><p>\u00bfTienes preguntas o necesitas ayuda? Completa el formulario a continuaci\u00f3n y nos comunicaremos contigo lo antes posible. \u00a1Estamos aqu\u00ed para ayudarte!<\/p>\n<\/div>\n            <\/div>\n    <form\n        id=\"contact-form-69dee86c7ab89\"\n        action=\"https:\/\/www.ameaestate.com\/wp-admin\/admin-ajax.php\"\n        method=\"post\"\n        data-action=\"contact_form\"\n        class=\"flex flex-col w-full gap-5 inmo-form\">\n        <input type=\"hidden\" id=\"contact_form_nonce_field\" name=\"contact_form_nonce_field\" value=\"ac319e6fe5\" \/><input type=\"hidden\" name=\"_wp_http_referer\" value=\"\/es\/wp-json\/wp\/v2\/pages\/694\" \/>        <div class=\"grid grid-cols-2 gap-3\">\n            <div class=\"flex flex-col gap-2 col-span-full sm:col-span-1\">\n                <label for=\"contact-form-69dee86c7ab89-name\" class=\"space-x-1 text-sm text-light-muted\">\n                    <span>Nombre<\/span>\n                    <span class=\"mb-1\">*<\/span>\n                <\/label>\n                \n<input type=\"text\" name=\"name\" id=\"contact-form-69dee86c7ab89-name\" class=\"bg-input border-0 text-black placeholder:text-input-text px-3 py-2 flex-1 focus:ring-2 focus:ring-light-muted flex-1\"  placeholder=\"Nombre\" required  autocomplete=\"off\"   >            <\/div>\n            <div class=\"flex flex-col gap-2 col-span-full sm:col-span-1\">\n                <label for=\"contact-form-69dee86c7ab89-lastname\" class=\"space-x-1 text-sm text-light-muted\">\n                    <span>Apellidos<\/span>\n                    <span class=\"mb-1\">*<\/span>\n                <\/label>\n                \n<input type=\"text\" name=\"lastname\" id=\"contact-form-69dee86c7ab89-lastname\" class=\"bg-input border-0 text-black placeholder:text-input-text px-3 py-2 flex-1 focus:ring-2 focus:ring-light-muted flex-1\"  placeholder=\"Apellidos\" required  autocomplete=\"off\"   >            <\/div>\n            <div class=\"flex flex-col gap-2 col-span-full\">\n                <label for=\"contact-form-69dee86c7ab89-phone\" class=\"text-sm text-light-muted\">\n                    <span>N\u00famero de tel\u00e9fono<\/span>\n                <\/label>\n                <input id=\"contact-form-69dee86c7ab89-phone\" name=\"phone\" type=\"tel\" class=\"w-full text-black border-none bg-input placeholder:text-input-text focus:ring-2 focus:ring-light-muted\">\n            <\/div>\n            <div class=\"flex flex-col gap-2 col-span-full\">\n                <label for=\"contact-form-69dee86c7ab89-email\" class=\"space-x-1 text-sm text-light-muted\">\n                    <span>Direcci\u00f3n de email<\/span>\n                    <span class=\"mb-1\">*<\/span>\n                <\/label>\n                \n<input type=\"text\" name=\"email\" id=\"contact-form-69dee86c7ab89-email\" class=\"bg-input border-0 text-black placeholder:text-input-text px-3 py-2 flex-1 focus:ring-2 focus:ring-light-muted flex-1\"  placeholder=\"Direcci\u00f3n de email\" required  autocomplete=\"off\"   >            <\/div>\n                        <div class=\"flex flex-col gap-2 col-span-full\">\n                <label for=\"contact-form-69dee86c7ab89-message\" class=\"text-sm text-light-muted\">\n                    <span>Por favor cu\u00e9ntanos m\u00e1s sobre la naturaleza de tu consulta.<\/span>\n                <\/label>\n                <textarea name=\"message\" id=\"contact-form-69dee86c7ab89-message\" class=\"bg-input border-0 text-black px-3 py-2 flex-1 focus:ring-2 focus:ring-light-muted placeholder:text-input-text flex-1\"  placeholder=\"Mensaje\" required  rows=\"4\"><\/textarea>            <\/div>\n        <\/div>\n        <div class=\"flex gap-2 col-span-full\">\n    <input type=\"checkbox\" name=\"terms\" id=\"contact-form-69dee86c7ab89-terms\" class=\"size-4 block mt-1 border-light-muted focus:ring-0 focus:outline-none\"   required >\n    <label class=\"flex-1\" for=\"contact-form-69dee86c7ab89-terms\">Acepto los <a href=\"\/privacy-policy\" class=\"underline hover:no-underline transition-all\">terminos y condiciones de uso<\/a><\/label>\n<\/div>        <div class=\"flex justify-start\">\n            <button class=\"underline underline-offset-[6px] transition duration-300 text-light-dark hover:text-light-muted\" type=\"submit\">Enviar mensaje<\/button>        <\/div>\n\n                <input type=\"hidden\" name=\"form-name\" value=\"Media Contact Form\">\n            <\/form>\n<\/div>\n\n<script>\n    document.addEventListener(\"DOMContentLoaded\", () => {\n        const input = document.querySelector(\"#contact-form-69dee86c7ab89-phone\");\n        if (input) {\n            window.intlTelInput(input, {\n                initialCountry: \"es\",\n                strictMode: true,\n                loadUtils: () => import(\"\/intl-tel-input\/js\/utils.js?1733756310855\") \/\/ for formatting\/placeholders etc 67b48c2351742-phone\n            });\n        }\n    });\n<\/script>    <\/div>\n<\/section>\n\n\n<section class=\"relative w-content mx-auto\">\n            <img decoding=\"async\" src=\"https:\/\/www.ameaestate.com\/wp-content\/uploads\/2025\/01\/Box-1.png\" alt=\"newsletter background\" class=\"absolute inset-0 size-full aspect-video object-cover -z-10\" loading=\"lazy\">\n        <div class=\"absolute top-0 left-0 size-full bg-dark\/60 -z-10 pointer-events-none\"><\/div>\n        <div class=\"max-w-3xl mx-auto w-content flex text-center sm:text-start flex-col gap-5 text-light py-32\">\n                    <h2 class=\"text-balance\">Con\u00f3cenos<\/h2>\n                            <div class=\"format text-dark-muted\"><p>Descubra la visi\u00f3n de Amea para una vida excepcional. Ya sea que est\u00e9 buscando la casa de sus sue\u00f1os o una inversi\u00f3n de alto valor, nuestro equipo est\u00e1 aqu\u00ed para guiarlo en cada paso del camino. Creemos algo extraordinario juntos.<\/p>\n<\/div>\n                            <div class=\"flex justify-center sm:justify-start items-center mb-0.5\">\n                <a class=\"underline underline-offset-[6px] transition duration-300 text-light hover:text-dark-muted\" href=\"https:\/\/ameaestate.com\/es\/about-us\/\" target=\"_self\">Descubre m\u00e1s<\/a>            <\/div>\n            <\/div>\n<\/section>","protected":false},"excerpt":{"rendered":"","protected":false},"author":1,"featured_media":0,"parent":0,"menu_order":0,"comment_status":"closed","ping_status":"closed","template":"","meta":{"_acf_changed":false,"slim_seo":{"title":"[:en]Project Management[:es]Gesti\u00f3n de proyectos[:] - Amea","description":"[:en] [:es] [:]"},"footnotes":""},"class_list":["post-694","page","type-page","status-publish","hentry"],"acf":[],"_links":{"self":[{"href":"https:\/\/www.ameaestate.com\/es\/wp-json\/wp\/v2\/pages\/694","targetHints":{"allow":["GET"]}}],"collection":[{"href":"https:\/\/www.ameaestate.com\/es\/wp-json\/wp\/v2\/pages"}],"about":[{"href":"https:\/\/www.ameaestate.com\/es\/wp-json\/wp\/v2\/types\/page"}],"author":[{"embeddable":true,"href":"https:\/\/www.ameaestate.com\/es\/wp-json\/wp\/v2\/users\/1"}],"replies":[{"embeddable":true,"href":"https:\/\/www.ameaestate.com\/es\/wp-json\/wp\/v2\/comments?post=694"}],"version-history":[{"count":4,"href":"https:\/\/www.ameaestate.com\/es\/wp-json\/wp\/v2\/pages\/694\/revisions"}],"predecessor-version":[{"id":4968,"href":"https:\/\/www.ameaestate.com\/es\/wp-json\/wp\/v2\/pages\/694\/revisions\/4968"}],"wp:attachment":[{"href":"https:\/\/www.ameaestate.com\/es\/wp-json\/wp\/v2\/media?parent=694"}],"curies":[{"name":"wp","href":"https:\/\/api.w.org\/{rel}","templated":true}]}}