{"id":679,"date":"2025-02-25T22:17:27","date_gmt":"2025-02-25T21:17:27","guid":{"rendered":"https:\/\/amea.isabellatech.co\/?page_id=679"},"modified":"2025-07-01T16:43:20","modified_gmt":"2025-07-01T14:43:20","slug":"cookie-policy","status":"publish","type":"page","link":"https:\/\/www.ameaestate.com\/es\/cookie-policy\/","title":{"rendered":"Pol\u00edtica de Cookies"},"content":{"rendered":"<p><\/p>\n<h2>Nuestra Pol\u00edtica de Cookies<\/h2>\n<p>Amea Real Estate, S.L., en adelante \u201cAmea\u201d, es la entidad responsable del funcionamiento del sitio web ameaestate.com (en adelante el \u201cSitio Web\u201d). Amea utiliza cookies y\/o archivos funcionales similares (en adelante \u201cCookies\u201d).<\/p>\n<p>Las Cookies son peque\u00f1os archivos de datos que se env\u00edan al ordenador, tel\u00e9fono m\u00f3vil u otro dispositivo de acceso del usuario cuando visita un sitio web. Permiten la recopilaci\u00f3n de informaci\u00f3n sobre las actividades de navegaci\u00f3n del usuario o un c\u00f3digo de identificaci\u00f3n \u00fanico.<\/p>\n<p>Las Cookies sirven para diversas finalidades, entre ellas, garantizar el correcto y eficiente funcionamiento del Sitio Web proporcionando informaci\u00f3n valiosa a sus propietarios. Adem\u00e1s, las Cookies se utilizan para analizar patrones de navegaci\u00f3n y generar estad\u00edsticas de uso. Las Cookies nos permiten almacenar y recuperar informaci\u00f3n sobre su comportamiento de navegaci\u00f3n y dispositivo, lo que permite el reconocimiento del usuario y una mejor experiencia de navegaci\u00f3n.<\/p>\n<p>Si prefiere no transmitir Cookies a nuestros sistemas, puede administrarlas y deshabilitarlas a trav\u00e9s de la configuraci\u00f3n de su navegador o eliminarlas despu\u00e9s de su visita.<\/p>\n<h2>Tipos de Cookies y su Uso:<\/h2>\n<p>La web ameaestate.com utiliza cookies de sesi\u00f3n y\/o cookies persistentes, que pueden clasificarse en cookies propias o de terceros.<\/p>\n<ul>\n<li>Cookies de sesi\u00f3n: Son cookies que recaban y almacenan datos mientras el usuario accede a la Web. Normalmente conservan la informaci\u00f3n necesaria para una \u00fanica interacci\u00f3n o solicitud de servicio.<\/li>\n<li>Cookies persistentes: Este tipo de cookies almacenan datos en el dispositivo del usuario durante un periodo determinado por el responsable de la cookie y que puede ir de unos minutos a varios a\u00f1os.<\/li>\n<li>Cookies propias: Son cookies creadas o gestionadas por Amea Real Estate, S.L. La web http:\/\/www.ameaestate.com utiliza Cookies propias con las siguientes finalidades:<br \/>\nT\u00e9cnicas: Son cookies que facilitan la navegaci\u00f3n del usuario y la utilizaci\u00f3n de diversas funcionalidades de la web, como control de tr\u00e1fico y datos, identificaci\u00f3n de sesi\u00f3n, acceso a \u00e1reas restringidas y medidas de seguridad durante la navegaci\u00f3n. Tambi\u00e9n permiten crear una lista de deseos para guardar y compartir un listado de propiedades, siendo la participaci\u00f3n del usuario totalmente voluntaria.<\/li>\n<li>Cookies de terceros: Son aquellas gestionadas por proveedores de servicios ajenos a Amea Real Estate, S.L., entre las que se encuentran:<br \/>\nAnal\u00edticas: Estas cookies permiten conocer la interacci\u00f3n de los usuarios con el sitio web, ofreciendo datos como p\u00e1ginas vistas, preferencias de idioma, n\u00famero de visitantes, frecuencia y duraci\u00f3n de las visitas y tipo de navegador. Toda la informaci\u00f3n recogida es an\u00f3nima, impidiendo cualquier asociaci\u00f3n a personas concretas.<\/li>\n<\/ul>\n<h2>Ejercicio de derechos y m\u00e1s informaci\u00f3n sobre la pol\u00edtica de privacidad.<\/h2>\n<p>Puede ejercer sus derechos de acceso, rectificaci\u00f3n, supresi\u00f3n, portabilidad, oposici\u00f3n, limitaci\u00f3n del tratamiento o a no ser objeto de decisiones automatizadas por parte del Responsable del Tratamiento dirigiendo una comunicaci\u00f3n escrita a Avda. Boulevar Pr\u00edncipe Alfonso de Hohenlohe , 1 , Puerta 7, Marbella CP: 29602, M\u00e1laga o mediante correo electr\u00f3nico a:\u00a0<a href=\"mailto:info@ameaestate.com\">info@ameaestate.com<\/a>.<\/p>\n<p>Puedes obtener m\u00e1s informaci\u00f3n sobre el tratamiento de tus datos personales en nuestra Pol\u00edtica de Privacidad.<\/p>\n<p>Tambi\u00e9n puedes presentar una reclamaci\u00f3n ante la Agencia Espa\u00f1ola de Protecci\u00f3n de Datos si consideras que tus datos no han sido tratados correctamente o si hemos vulnerado alguno de tus derechos. <a href=\"https:\/\/www.aepd.es\/\" target=\"_self\">https:\/\/www.aepd.es\/<\/a>.<\/p>","protected":false},"excerpt":{"rendered":"<p>Nuestra Pol\u00edtica de Cookies Amea Real Estate, S.L., en adelante \u201cAmea\u201d, es la entidad responsable del funcionamiento del sitio web ameaestate.com (en adelante el \u201cSitio Web\u201d). Amea utiliza cookies y\/o archivos funcionales similares (en adelante \u201cCookies\u201d). Las Cookies son peque\u00f1os archivos de datos que se env\u00edan al ordenador, tel\u00e9fono m\u00f3vil u otro dispositivo de acceso [&hellip;]<\/p>\n","protected":false},"author":1,"featured_media":0,"parent":0,"menu_order":0,"comment_status":"closed","ping_status":"closed","template":"pages\/cookie-policy.php","meta":{"_acf_changed":false,"slim_seo":{"title":"[:en]Cookie Policy[:es]Pol\u00edtica de Cookies[:] - Amea","description":"[:en] Our Cookie Policy Amea Real Estate, S.L., referred to as \"Amea,\" is the entity responsible for the operation of the website ameaestate.com (hereinafter re"},"footnotes":""},"class_list":["post-679","page","type-page","status-publish","hentry"],"acf":[],"_links":{"self":[{"href":"https:\/\/www.ameaestate.com\/es\/wp-json\/wp\/v2\/pages\/679","targetHints":{"allow":["GET"]}}],"collection":[{"href":"https:\/\/www.ameaestate.com\/es\/wp-json\/wp\/v2\/pages"}],"about":[{"href":"https:\/\/www.ameaestate.com\/es\/wp-json\/wp\/v2\/types\/page"}],"author":[{"embeddable":true,"href":"https:\/\/www.ameaestate.com\/es\/wp-json\/wp\/v2\/users\/1"}],"replies":[{"embeddable":true,"href":"https:\/\/www.ameaestate.com\/es\/wp-json\/wp\/v2\/comments?post=679"}],"version-history":[{"count":8,"href":"https:\/\/www.ameaestate.com\/es\/wp-json\/wp\/v2\/pages\/679\/revisions"}],"predecessor-version":[{"id":5399,"href":"https:\/\/www.ameaestate.com\/es\/wp-json\/wp\/v2\/pages\/679\/revisions\/5399"}],"wp:attachment":[{"href":"https:\/\/www.ameaestate.com\/es\/wp-json\/wp\/v2\/media?parent=679"}],"curies":[{"name":"wp","href":"https:\/\/api.w.org\/{rel}","templated":true}]}}