{"id":668,"date":"2025-02-25T22:17:27","date_gmt":"2025-02-25T21:17:27","guid":{"rendered":"https:\/\/amea.isabellatech.co\/?page_id=668"},"modified":"2025-02-25T22:17:27","modified_gmt":"2025-02-25T21:17:27","slug":"privacy-policy","status":"publish","type":"page","link":"https:\/\/www.ameaestate.com\/es\/privacy-policy\/","title":{"rendered":"Pol\u00edtica de Privacidad"},"content":{"rendered":"<p><\/p>\n<h2>Pol\u00edtica de privacidad de la Web<\/h2>\n<p>Este texto legal le proporciona informaci\u00f3n sobre la recogida y el tratamiento de sus datos personales cuando utilice nuestra p\u00e1gina web, <a href=\"http:\/\/ameaestate.com\/\">ameaestate.com<\/a> (en adelante, la \u00abWeb\u00bb). Abarca cualquier informaci\u00f3n que nos facilite al registrarse en nuestro bolet\u00edn de noticias o al enviarnos sus datos de contacto a trav\u00e9s del formulario designado.<\/p>\n<p>Al facilitarnos sus datos, usted afirma que posee la capacidad necesaria para otorgar su consentimiento y acceder a nuestros servicios.<\/p>\n<h2>\u00bfQui\u00e9n es el responsable de sus datos?<\/h2>\n<p>Amea cuya denominaci\u00f3n social es Amea Real Estate S.L , (en adelante \u00a8Amea\u00a8) con CIF: B13704309 y domicilio en Avenida de Boulevard Pr\u00edncipe Alfonso de Hohenlohe, Local 7 29602 Marbella, M\u00e1laga es responsable del tratamiento de los datos de car\u00e1cter personal que se recogen o generan como consecuencia del acceso, uso y navegaci\u00f3n del usuario por este sitio web.<\/p>\n<p>Para cualquier duda o solicitud que pueda tener en materia de protecci\u00f3n de datos, puede ponerse en contacto con nuestro Delegado de Protecci\u00f3n de Datos a trav\u00e9s de la siguiente direcci\u00f3n de correo electr\u00f3nico: <a href=\"mailto:info@ameaestate.com\">info@ameaestate.com<\/a><\/p>\n<h2>\u00bfQu\u00e9 datos recogemos?<\/h2>\n<p>El Reglamento General de Protecci\u00f3n de Datos define los datos personales como cualquier informaci\u00f3n sobre una persona f\u00edsica identificada o identificable, es decir, cualquier informaci\u00f3n capaz de identificar a una persona.<\/p>\n<p>En nuestro sitio web podemos recoger las siguientes categor\u00edas de datos personales:<\/p>\n<ul>\n<li>Datos identificativos: nombre y apellidos.<\/li>\n<li>Datos de contacto: correo electr\u00f3nico y tel\u00e9fono.<\/li>\n<li>Datos t\u00e9cnicos y anal\u00edticos: cookies: Ver Pol\u00edtica de Cookies.<\/li>\n<\/ul>\n<p>No recogemos datos relativos a categor\u00edas especiales de datos personales (datos que revelen el origen racial o \u00e9tnico, las opiniones pol\u00edticas, las convicciones religiosas o filos\u00f3ficas, la afiliaci\u00f3n sindical y la informaci\u00f3n sanitaria, los datos gen\u00e9ticos o biom\u00e9tricos destinados a identificar de manera un\u00edvoca a una persona f\u00edsica, los datos relativos a la salud o a la vida sexual o a la orientaci\u00f3n sexual de una persona f\u00edsica).<\/p>\n<h2>\u00bfCu\u00e1les son los fines del tratamiento de datos personales?<\/h2>\n<ul>\n<li>Interacci\u00f3n Contacto\/Chat: Si ha proporcionado su informaci\u00f3n a trav\u00e9s del formulario de contacto, chat o se ha puesto en contacto con nosotros a trav\u00e9s de cualquiera de los canales de comunicaci\u00f3n disponibles, como correo electr\u00f3nico de contacto, tel\u00e9fono, correo postal, redes sociales o WhatsApp, trataremos sus datos personales para atender y gestionar sus solicitudes de informaci\u00f3n. Esto incluye consultas relacionadas con la venta de un inmueble o la recepci\u00f3n de actualizaciones sobre inmuebles de su inter\u00e9s. En este sentido, Amea colaborar\u00e1 con sus agentes exclusivos para facilitar informaci\u00f3n, concertar citas u organizar visitas a los inmuebles seg\u00fan sea necesario.<\/li>\n<\/ul>\n<p>El tratamiento de estos datos personales se basa en el consentimiento que usted presta mediante el env\u00edo activo de su solicitud, que podr\u00e1 revocar en cualquier momento.<\/p>\n<ul>\n<li>Fines comerciales: En caso de que manifieste su inter\u00e9s marcando la casilla correspondiente, Amea, a trav\u00e9s de las llamadas telef\u00f3nicas de sus agentes o de la correspondencia por correo electr\u00f3nico, le facilitar\u00e1 informaci\u00f3n relativa a los listados de propiedades de Amea, servicios asociados al sector inmobiliario, servicios de construcci\u00f3n y reparaci\u00f3n, eventos del sector inmobiliario o productos del \u00e1mbito de Amea. Estas comunicaciones comerciales pueden personalizarse en funci\u00f3n de sus preferencias o de sus interacciones anteriores con nosotros.<\/li>\n<\/ul>\n<p>Este tratamiento se basa en el consentimiento que usted proporciona marcando la casilla correspondiente y que puede revocar en cualquier momento.<\/p>\n<ul>\n<li>Bolet\u00edn de noticias: En caso de que haya facilitado su direcci\u00f3n de correo electr\u00f3nico en la secci\u00f3n Newsletter, trataremos sus datos personales con el fin de enviarle actualizaciones sobre exclusivas de Amea, informes de mercado, boletines de estilo de vida e invitaciones a eventos o actualizaciones sobre listados exclusivos, acceso al portal de agentes y herramientas para agentes, de acuerdo con sus preferencias seleccionadas. El tratamiento de estos datos personales se basa en el consentimiento que usted proporciona al hacer clic en la suscripci\u00f3n.<\/li>\n<li>Cookies: En nuestro sitio web podemos recopilar autom\u00e1ticamente datos t\u00e9cnicos sobre su ordenador, acciones de navegaci\u00f3n y patrones de uso. Estos datos se recogen mediante cookies o tecnolog\u00edas similares. Para m\u00e1s informaci\u00f3n, consulte nuestra Pol\u00edtica de cookies aqu\u00ed.<\/li>\n<\/ul>\n<h2>\u00bfCu\u00e1nto tiempo conservamos sus datos?<\/h2>\n<ul>\n<li>Contacto: Trataremos sus datos durante el tiempo necesario para atender y resolver la solicitud que nos haya realizado.<\/li>\n<li>Fines comerciales y Newsletter: Trataremos tus datos mientras mantengas tu consentimiento, cesando en el tratamiento una vez lo hayas retirado.<\/li>\n<li>Cookies: Trataremos tus datos mientras mantengas tu consentimiento y durante el tiempo de instalaci\u00f3n de las cookies. Ver Pol\u00edtica de Cookies.<\/li>\n<\/ul>\n<h2>\u00bfA qui\u00e9n compartimos tus datos?<\/h2>\n<p>Amea cuenta con colaboradores que prestan servicios, como empresas de mantenimiento inform\u00e1tico y web, servicios jur\u00eddicos, servicios de consultor\u00eda, que con el fin de prestar sus servicios pueden acceder a datos personales responsabilidad de Amea.<\/p>\n<p>Amea realiza una cuidadosa selecci\u00f3n y control de estos terceros con los que ha suscrito acuerdos de protecci\u00f3n de datos, donde se obligan a cumplir una serie de obligaciones en materia de protecci\u00f3n de datos.<\/p>\n<p>Adem\u00e1s, Amea puede comunicar los datos de los interesados \u200b\u200ba las autoridades administrativas que as\u00ed lo requieran.<\/p>\n<h2>Seguridad de sus datos personales<\/h2>\n<p>Con el objetivo de salvaguardar la seguridad de sus datos personales, le informamos que Amea ha adoptado todas las medidas t\u00e9cnicas y organizativas necesarias para garantizar la seguridad de los datos personales suministrados de su alteraci\u00f3n, p\u00e9rdida y tratamientos o accesos no autorizados.<\/p>\n<h2>\u00bfCu\u00e1les son los derechos de sus datos personales y c\u00f3mo ejercitarlos?<\/h2>\n<p>Podr\u00e1 revocar en cualquier momento la autorizaci\u00f3n concedida para el tratamiento de sus datos personales, as\u00ed como ejercitar sus derechos de acceso, rectificaci\u00f3n, oposici\u00f3n, limitaci\u00f3n, supresi\u00f3n, portabilidad y a no ser objeto de decisiones automatizadas, dirigi\u00e9ndose por escrito a Amea en la direcci\u00f3n Avenida de Boulevard Pr\u00edncipe Alfonso de Hohenlohe, Local 7 29602 Marbella, M\u00e1laga o info@ameaestate.com.<\/p>\n<h2>\u00bfC\u00f3mo puedes hacer valer tus derechos en materia de protecci\u00f3n de datos?<\/h2>\n<p>Si consideras que se ha vulnerado alguno de tus derechos en materia de protecci\u00f3n de datos, puedes dirigirte a Amea para rectificar o dar por finalizado tu reclamaci\u00f3n en la direcci\u00f3n mencionada en el apartado anterior. En cualquier caso, siempre puedes dirigirte a la autoridad de protecci\u00f3n de datos para salvaguardar tus derechos que en el caso de Espa\u00f1a es la Agencia Espa\u00f1ola de Protecci\u00f3n de Datos (<a href=\"http:\/\/www.aepd.es\/\">www.aepd.es<\/a>).<\/p>","protected":false},"excerpt":{"rendered":"<p>Pol\u00edtica de privacidad de la Web Este texto legal le proporciona informaci\u00f3n sobre la recogida y el tratamiento de sus datos personales cuando utilice nuestra p\u00e1gina web, ameaestate.com (en adelante, la \u00abWeb\u00bb). Abarca cualquier informaci\u00f3n que nos facilite al registrarse en nuestro bolet\u00edn de noticias o al enviarnos sus datos de contacto a trav\u00e9s del [&hellip;]<\/p>\n","protected":false},"author":1,"featured_media":0,"parent":0,"menu_order":0,"comment_status":"closed","ping_status":"closed","template":"pages\/privacy-policy.php","meta":{"_acf_changed":false,"slim_seo":{"title":"[:en]Privacy Policy[:es]Pol\u00edtica de Privacidad[:] - Amea","description":"[:en] Web Privacy Policy This legal text provides you with information on the collection and processing of your personal data when using our website, ameaestate"},"footnotes":""},"class_list":["post-668","page","type-page","status-publish","hentry"],"acf":[],"_links":{"self":[{"href":"https:\/\/www.ameaestate.com\/es\/wp-json\/wp\/v2\/pages\/668","targetHints":{"allow":["GET"]}}],"collection":[{"href":"https:\/\/www.ameaestate.com\/es\/wp-json\/wp\/v2\/pages"}],"about":[{"href":"https:\/\/www.ameaestate.com\/es\/wp-json\/wp\/v2\/types\/page"}],"author":[{"embeddable":true,"href":"https:\/\/www.ameaestate.com\/es\/wp-json\/wp\/v2\/users\/1"}],"replies":[{"embeddable":true,"href":"https:\/\/www.ameaestate.com\/es\/wp-json\/wp\/v2\/comments?post=668"}],"version-history":[{"count":2,"href":"https:\/\/www.ameaestate.com\/es\/wp-json\/wp\/v2\/pages\/668\/revisions"}],"predecessor-version":[{"id":670,"href":"https:\/\/www.ameaestate.com\/es\/wp-json\/wp\/v2\/pages\/668\/revisions\/670"}],"wp:attachment":[{"href":"https:\/\/www.ameaestate.com\/es\/wp-json\/wp\/v2\/media?parent=668"}],"curies":[{"name":"wp","href":"https:\/\/api.w.org\/{rel}","templated":true}]}}