{"id":345,"date":"2025-02-25T22:17:27","date_gmt":"2025-02-25T21:17:27","guid":{"rendered":"https:\/\/amea.isabellatech.co\/?page_id=345"},"modified":"2025-11-07T15:50:05","modified_gmt":"2025-11-07T14:50:05","slug":"contact","status":"publish","type":"page","link":"https:\/\/www.ameaestate.com\/es\/contact\/","title":{"rendered":"Contacto"},"content":{"rendered":"<section class=\"bg-white my-3 py-32 h-full\">\n    <div class=\"max-w-6xl mx-auto w-content grid grid-cols-1 lg:grid-cols-2 gap-16\">\n        <div class=\"space-y-16 max-w-[544px] mx-auto\">\n            <div class=\"space-y-5\">\n                <h1>\u00bfLe gustar\u00eda saber m\u00e1s sobre Amea?<\/h1>\n                <div class=\"format text-light-muted text-pretty\"><p>El equipo multiling\u00fce de Amea est\u00e1 siempre disponible para ayudarle con su propiedad, desde encontrar la casa de sus sue\u00f1os hasta ayudarle a dise\u00f1ar su pr\u00f3xima estancia. Operamos 7 d\u00edas a la semana, para ayudarle a descubrir lo mejor de Marbella.<\/p>\n<\/div>\n            <\/div>\n            <div class=\"grid sm:grid-cols-2 gap-5 sm:gap-8 text-dark mx-auto\">\n                                    <div class=\"flex flex-col gap-2\">\n                        <span class=\"text-sm\">Email<\/span>\n                        <a href=\"mailto:info@ameaestate.com\" class=\"underline underline-offset-2\">info@ameaestate.com<\/a>\n                    <\/div>\n                                                    <div class=\"flex flex-col gap-2\">\n                        <span class=\"text-sm\">Marcaci\u00f3n directa <\/span>\n                        <a href=\"tel:+34 611 397 343\" class=\"underline underline-offset-2\">+34 611 397 343<\/a>\n                    <\/div>\n                                                    <div class=\"flex flex-col gap-2\">\n                        <span class=\"text-sm\">Nuestra ubicaci\u00f3n<\/span>\n                        <span class=\"underline underline-offset-2\">Avenida Pilar Calvo Centro Comercial Iberico, 29660, Marbella, M\u00e1laga<\/span>\n                    <\/div>\n                                                    <div class=\"flex flex-col gap-2\">\n                        <span class=\"text-sm\">Redes sociales<\/span>\n                        <div class=\"flex flex-col\">\n                                                                                                                    <a href=\"https:\/\/www.instagram.com\/ameaestate\/\" target=\"_blank\" rel=\"noopener noreferrer\" class=\"underline underline-offset-2\">Instagram<\/a>\n                                                                                        <a href=\"https:\/\/www.linkedin.com\/company\/ameaestate\/\" target=\"_blank\" rel=\"noopener noreferrer\" class=\"underline underline-offset-2\">Linkedin<\/a>\n                                                    <\/div>\n                    <\/div>\n                            <\/div>\n        <\/div>\n        <div class=\"mx-auto\">\n            \n<div class=\"max-w-[544px] w-full space-y-16\">\n    <div class=\"space-y-5\">\n                    <h2>P\u00f3ngase en contacto<\/h2>\n                            <div class=\"format text-pretty text-light-muted line-clamp-3\"><p>\u00bfTiene preguntas o necesita ayuda? Rellene el siguiente formulario y nos pondremos en contacto con usted lo antes posible. Estamos aqu\u00ed para ayudarle.<\/p>\n<\/div>\n            <\/div>\n    <form\n        id=\"contact-form-6a08cf734453f\"\n        action=\"https:\/\/www.ameaestate.com\/wp-admin\/admin-ajax.php\"\n        method=\"post\"\n        data-action=\"contact_form\"\n        class=\"flex flex-col w-full gap-5 inmo-form\">\n        <input type=\"hidden\" id=\"contact_form_nonce_field\" name=\"contact_form_nonce_field\" value=\"7cd9d75119\" \/><input type=\"hidden\" name=\"_wp_http_referer\" value=\"\/es\/wp-json\/wp\/v2\/pages\/345\" \/>        <div class=\"grid grid-cols-2 gap-3\">\n            <div class=\"flex flex-col gap-2 col-span-full sm:col-span-1\">\n                <label for=\"contact-form-6a08cf734453f-name\" class=\"space-x-1 text-sm text-light-muted\">\n                    <span>Nombre<\/span>\n                    <span class=\"mb-1\">*<\/span>\n                <\/label>\n                \n<input type=\"text\" name=\"name\" id=\"contact-form-6a08cf734453f-name\" class=\"bg-input border-0 text-black placeholder:text-input-text px-3 py-2 flex-1 focus:ring-2 focus:ring-light-muted flex-1\"  placeholder=\"Nombre\" required  autocomplete=\"off\"   >            <\/div>\n            <div class=\"flex flex-col gap-2 col-span-full sm:col-span-1\">\n                <label for=\"contact-form-6a08cf734453f-lastname\" class=\"space-x-1 text-sm text-light-muted\">\n                    <span>Apellidos<\/span>\n                    <span class=\"mb-1\">*<\/span>\n                <\/label>\n                \n<input type=\"text\" name=\"lastname\" id=\"contact-form-6a08cf734453f-lastname\" class=\"bg-input border-0 text-black placeholder:text-input-text px-3 py-2 flex-1 focus:ring-2 focus:ring-light-muted flex-1\"  placeholder=\"Apellidos\" required  autocomplete=\"off\"   >            <\/div>\n            <div class=\"flex flex-col gap-2 col-span-full\">\n                <label for=\"contact-form-6a08cf734453f-phone\" class=\"text-sm text-light-muted\">\n                    <span>N\u00famero de tel\u00e9fono<\/span>\n                <\/label>\n                <input id=\"contact-form-6a08cf734453f-phone\" name=\"phone\" type=\"tel\" class=\"w-full text-black border-none bg-input placeholder:text-input-text focus:ring-2 focus:ring-light-muted\">\n            <\/div>\n            <div class=\"flex flex-col gap-2 col-span-full\">\n                <label for=\"contact-form-6a08cf734453f-email\" class=\"space-x-1 text-sm text-light-muted\">\n                    <span>Direcci\u00f3n de email<\/span>\n                    <span class=\"mb-1\">*<\/span>\n                <\/label>\n                \n<input type=\"text\" name=\"email\" id=\"contact-form-6a08cf734453f-email\" class=\"bg-input border-0 text-black placeholder:text-input-text px-3 py-2 flex-1 focus:ring-2 focus:ring-light-muted flex-1\"  placeholder=\"Direcci\u00f3n de email\" required  autocomplete=\"off\"   >            <\/div>\n                            <div class=\"flex flex-col gap-2 col-span-full\">\n                    <label for=\"contact-form-6a08cf734453f-rol\" class=\"space-x-1 text-sm text-light-muted\">\n                        <span>\u00bfC\u00f3mo podemos ayudarte mejor?<\/span>\n                        <span class=\"mb-1\">*<\/span>\n                    <\/label>\n                    \n<select x-data=\"choices()\" class=\"bg-transparent py-2 pr-8 pl-3 border-none focus:ring-0 cursor-pointer\"\n    name=\"rol\"\n    id=\"contact-form-6a08cf734453f-rol\"\n    >\n            <option value=\"\">Selecciona una opci\u00f3n<\/option>\n                <option value=\"agent\" >Como Agente<\/option>\n            <option value=\"client\" >Como Cliente<\/option>\n            <option value=\"press\" >Prensa<\/option>\n            <option value=\"career\" >Ofertas de Empleo<\/option>\n            <option value=\"other\" >Otro<\/option>\n    <\/select>                <\/div>\n                        <div class=\"flex flex-col gap-2 col-span-full\">\n                <label for=\"contact-form-6a08cf734453f-message\" class=\"text-sm text-light-muted\">\n                    <span>Por favor cu\u00e9ntanos m\u00e1s sobre la naturaleza de tu consulta.<\/span>\n                <\/label>\n                <textarea name=\"message\" id=\"contact-form-6a08cf734453f-message\" class=\"bg-input border-0 text-black px-3 py-2 flex-1 focus:ring-2 focus:ring-light-muted placeholder:text-input-text flex-1\"  placeholder=\"Mensaje\" required  rows=\"4\"><\/textarea>            <\/div>\n        <\/div>\n        <div class=\"flex gap-2 col-span-full\">\n    <input type=\"checkbox\" name=\"terms\" id=\"contact-form-6a08cf734453f-terms\" class=\"size-4 block mt-1 border-light-muted focus:ring-0 focus:outline-none\"   required >\n    <label class=\"flex-1\" for=\"contact-form-6a08cf734453f-terms\">Acepto los <a href=\"\/privacy-policy\" class=\"underline hover:no-underline transition-all\">terminos y condiciones de uso<\/a><\/label>\n<\/div>        <div class=\"flex justify-start\">\n            <button class=\"underline underline-offset-[6px] transition duration-300 text-light-dark hover:text-light-muted\" type=\"submit\">Enviar mensaje<\/button>        <\/div>\n\n                <input type=\"hidden\" name=\"form-name\" value=\"Information Contact Form\">\n            <\/form>\n<\/div>\n\n<script>\n    document.addEventListener(\"DOMContentLoaded\", () => {\n        const input = document.querySelector(\"#contact-form-6a08cf734453f-phone\");\n        if (input) {\n            window.intlTelInput(input, {\n                initialCountry: \"es\",\n                strictMode: true,\n                loadUtils: () => import(\"\/intl-tel-input\/js\/utils.js?1733756310855\") \/\/ for formatting\/placeholders etc 67b48c2351742-phone\n            });\n        }\n    });\n<\/script>        <\/div>\n    <\/div>\n<\/section>\n\n\n<section id=\"location\" class=\"px-3 my-3\">\n        <div id=\"map\" class='w-full h-[548px]'><\/div>\n<\/section>\n\n<script>\n    let map;\n\n    async function initMap() {\n        const {\n            Map\n        } = await google.maps.importLibrary(\"maps\");\n\n        const mapStyles = [{\n                \"featureType\": \"all\",\n                \"elementType\": \"geometry\",\n                \"stylers\": [{\n                        \"color\": \"#e7e7e7\"\n                    }\n                ]\n            },\n            {\n                \"featureType\": \"all\",\n                \"elementType\": \"labels.text.stroke\",\n                \"stylers\": [{\n                        \"visibility\": \"off\"\n                    }\n                ]\n            },\n            {\n                \"featureType\": \"all\",\n                \"elementType\": \"labels.text.fill\",\n                \"stylers\": [{\n                        \"color\": \"#555555\"\n                    }\n                ]\n            },\n            {\n                \"featureType\": \"road\",\n                \"elementType\": \"geometry\",\n                \"stylers\": [{\n                        \"color\": \"#ffffff\"\n                    }\n                ]\n            },\n            {\n                \"featureType\": \"water\",\n                \"elementType\": \"geometry.fill\",\n                \"stylers\": [{\n                        \"color\": \"#D3D3D3\"\n                    }\n                ]\n            },\n            {\n                \"featureType\": \"poi\",\n                \"elementType\": \"labels\",\n                \"stylers\": [{\n                        \"visibility\": \"off\"\n                    }\n                ]\n            }\n        ];\n\n        map = new Map(document.getElementById(\"map\"), {\n            center: {\n                lat: 36.4894036,\n                lng: -4.9573691            },\n            styles: mapStyles,\n            zoom: 14,\n        });\n                const marker = new google.maps.Marker({\n            position: {\n                lat: 36.4894036,\n                lng: -4.9573691            },\n            map: map,\n        });\n            }\n<\/script>\n<script async defer src=\"https:\/\/maps.googleapis.com\/maps\/api\/js?key=AIzaSyAjpEkZOCCMi5vPFNcevs_uMJa9-XURUto&#038;loading=async&#038;callback=initMap\"><\/script>","protected":false},"excerpt":{"rendered":"","protected":false},"author":1,"featured_media":0,"parent":0,"menu_order":0,"comment_status":"closed","ping_status":"closed","template":"","meta":{"_acf_changed":false,"slim_seo":{"title":"[:en]Contact[:es]Contacto[:] - Amea","description":"[:en] [:es] [:]"},"footnotes":""},"class_list":["post-345","page","type-page","status-publish","hentry"],"acf":[],"_links":{"self":[{"href":"https:\/\/www.ameaestate.com\/es\/wp-json\/wp\/v2\/pages\/345","targetHints":{"allow":["GET"]}}],"collection":[{"href":"https:\/\/www.ameaestate.com\/es\/wp-json\/wp\/v2\/pages"}],"about":[{"href":"https:\/\/www.ameaestate.com\/es\/wp-json\/wp\/v2\/types\/page"}],"author":[{"embeddable":true,"href":"https:\/\/www.ameaestate.com\/es\/wp-json\/wp\/v2\/users\/1"}],"replies":[{"embeddable":true,"href":"https:\/\/www.ameaestate.com\/es\/wp-json\/wp\/v2\/comments?post=345"}],"version-history":[{"count":15,"href":"https:\/\/www.ameaestate.com\/es\/wp-json\/wp\/v2\/pages\/345\/revisions"}],"predecessor-version":[{"id":7731,"href":"https:\/\/www.ameaestate.com\/es\/wp-json\/wp\/v2\/pages\/345\/revisions\/7731"}],"wp:attachment":[{"href":"https:\/\/www.ameaestate.com\/es\/wp-json\/wp\/v2\/media?parent=345"}],"curies":[{"name":"wp","href":"https:\/\/api.w.org\/{rel}","templated":true}]}}