{"id":182,"date":"2025-02-25T22:17:27","date_gmt":"2025-02-25T21:17:27","guid":{"rendered":"https:\/\/amea.isabellatech.co\/?page_id=182"},"modified":"2025-03-13T12:03:11","modified_gmt":"2025-03-13T11:03:11","slug":"about","status":"publish","type":"page","link":"https:\/\/www.ameaestate.com\/es\/about\/","title":{"rendered":"Sobre nosotros"},"content":{"rendered":"<section class=\"w-full h-[400px] p-3\">\n    <div \n        class=\"size-full bg-cover bg-center bg-no-repeat content-center\" \n        style=\"background-image: linear-gradient(180deg, rgba(0, 0, 0, 0.4) 0%, rgba(0, 0, 0, 0.2) 30%), url(https:\/\/www.ameaestate.com\/wp-content\/uploads\/2025\/01\/Image.png);\">\n        <div class=\"max-w-6xl mx-auto w-content text-white\">\n                            <div class=\"lg:w-2\/3 format text-center sm:text-start\"><h1>Sobre nosotros<\/h1>\n<p>Nos especializamos en bienes ra\u00edces de primera calidad en Marbella y m\u00e1s all\u00e1.<\/p>\n<\/div>\n                    <\/div>\n    <\/div>\n<\/section>\n\n\n\n<section class=\"max-w-6xl mx-auto w-content my-32 flex flex-col lg:flex-row gap-16\">\n            <img decoding=\"async\" class=\"max-h-[544px] size-full object-cover object-center lg:w-1\/2 order-first\" src=\"https:\/\/www.ameaestate.com\/wp-content\/uploads\/2025\/01\/Image-5.png\" alt=\"Nuestra Historia\" loading=\"lazy\">\n        <div class=\"lg:w-1\/2 max-w-3xl mx-auto w-full flex flex-col justify-center gap-8\">\n                    <h2 class=\"text-dark \">Nuestra Historia<\/h2>\n                            <div style=\"text-align: left\" class=\"format text-pretty\"><p>Nacida de la idea de proporcionar experiencias inmobiliarias fluidas y de alta gama, Amea se fund\u00f3 con la visi\u00f3n de convertirse en un socio inmobiliario intuitivo y pionero en Marbella. Respondiendo a aquellos que buscan un nuevo hogar o una inversi\u00f3n en ubicaciones privilegiadas de toda Marbella, Amea se inspira en una intenci\u00f3n singular, aut\u00e9ntica y original: Proporcionar un nivel de servicio y viviendas excepcionales que sean inigualables en todos los sentidos.<\/p>\n<\/div>\n                    <\/div>\n<\/section>\n\n\n<section class=\"relative w-content mx-auto\">\n            <img decoding=\"async\" src=\"https:\/\/www.ameaestate.com\/wp-content\/uploads\/2025\/01\/Box-1.png\" alt=\"newsletter background\" class=\"absolute inset-0 size-full aspect-video object-cover -z-10\" loading=\"lazy\">\n        <div class=\"absolute top-0 left-0 size-full bg-dark\/60 -z-10 pointer-events-none\"><\/div>\n        <div class=\"max-w-3xl mx-auto w-content flex text-center sm:text-start flex-col gap-5 text-light py-32\">\n                    <h2 class=\"text-balance\">Contigo hasta el final<\/h2>\n                            <div class=\"format text-dark-muted\"><p>Con Amea, se ver\u00e1 envuelto por un equipo de asesores inmobiliarios de primer nivel, expertos gestores de proyectos y h\u00e1biles arquitectos que dar\u00e1n vida a su visi\u00f3n de forma impecable. Estamos encantados de ser su destino final para todas sus consultas y peticiones relacionadas con la propiedad.<\/p>\n<\/div>\n                    <\/div>\n<\/section>\n\n\n<section class=\"max-w-6xl mx-auto w-content my-32 flex flex-col lg:flex-row gap-16\">\n            <img decoding=\"async\" class=\"max-h-[544px] size-full object-cover object-center lg:w-1\/2 order-first lg:order-last\" src=\"https:\/\/www.ameaestate.com\/wp-content\/uploads\/2025\/01\/Image-6.png\" alt=\"Nuestra Misi\u00f3n\" loading=\"lazy\">\n        <div class=\"lg:w-1\/2 max-w-3xl mx-auto w-full flex flex-col justify-center gap-8\">\n                    <h2 class=\"text-dark \">Nuestra Misi\u00f3n<\/h2>\n                            <div style=\"text-align: left\" class=\"format text-pretty\"><p>La misi\u00f3n de Amea es construir. No una cartera de propiedades prestigiosas, sino una reputaci\u00f3n de crear y proporcionar hogares excepcionales.<\/p>\n<p>Aunque cada proyecto es \u00fanico, la filosof\u00eda que hay detr\u00e1s de cada uno es inquebrantable: en Amea nos esforzamos por crear entornos que sean intr\u00ednsecamente bellos e impecablemente funcionales. La vida, en primer plano. Desde la ayuda para encontrar el lugar perfecto hasta el d\u00eda en que se abre la puerta, Amea ofrece servicios integrales y totalmente personalizados de b\u00fasqueda de propiedades, promoci\u00f3n, gesti\u00f3n de proyectos y dise\u00f1o de interiores.<\/p>\n<p>Fuente. Planificar. Entregar. Con elegancia.<\/p>\n<\/div>\n                    <\/div>\n<\/section>\n\n\n<section class=\"relative bg-white py-32 h-full\">\n            <div\n            class=\"absolute top-3 left-3 bottom-3 size-full h-[calc(100%-24px)] w-[calc(50vw-64px)] bg-cover bg-center bg-no-repeat hidden xl:block\"\n            style=\"background-image: linear-gradient(180deg, rgba(0, 0, 0, 0.4) 0%, rgba(0, 0, 0, 0.2) 30%, rgba(0, 0, 0, 0.1) 100%), url(https:\/\/www.ameaestate.com\/wp-content\/uploads\/2025\/01\/Image-14.png);\">\n        <\/div>\n        <div class=\"max-w-6xl mx-auto w-content flex justify-center xl:justify-end\">\n        \n<div class=\"max-w-[544px] w-full space-y-16\">\n    <div class=\"space-y-5\">\n                    <h2>P\u00f3ngase en contacto<\/h2>\n                            <div class=\"format text-pretty text-light-muted line-clamp-3\"><p>\u00bfTiene preguntas o necesita ayuda? Rellene el siguiente formulario y nos pondremos en contacto con usted lo antes posible. Estamos aqu\u00ed para ayudarle.<\/p>\n<\/div>\n            <\/div>\n    <form\n        id=\"contact-form-6a0094e674727\"\n        action=\"https:\/\/www.ameaestate.com\/wp-admin\/admin-ajax.php\"\n        method=\"post\"\n        data-action=\"contact_form\"\n        class=\"flex flex-col w-full gap-5 inmo-form\">\n        <input type=\"hidden\" id=\"contact_form_nonce_field\" name=\"contact_form_nonce_field\" value=\"5159cfbbe4\" \/><input type=\"hidden\" name=\"_wp_http_referer\" value=\"\/es\/wp-json\/wp\/v2\/pages\/182\" \/>        <div class=\"grid grid-cols-2 gap-3\">\n            <div class=\"flex flex-col gap-2 col-span-full sm:col-span-1\">\n                <label for=\"contact-form-6a0094e674727-name\" class=\"space-x-1 text-sm text-light-muted\">\n                    <span>Nombre<\/span>\n                    <span class=\"mb-1\">*<\/span>\n                <\/label>\n                \n<input type=\"text\" name=\"name\" id=\"contact-form-6a0094e674727-name\" class=\"bg-input border-0 text-black placeholder:text-input-text px-3 py-2 flex-1 focus:ring-2 focus:ring-light-muted flex-1\"  placeholder=\"Nombre\" required  autocomplete=\"off\"   >            <\/div>\n            <div class=\"flex flex-col gap-2 col-span-full sm:col-span-1\">\n                <label for=\"contact-form-6a0094e674727-lastname\" class=\"space-x-1 text-sm text-light-muted\">\n                    <span>Apellidos<\/span>\n                    <span class=\"mb-1\">*<\/span>\n                <\/label>\n                \n<input type=\"text\" name=\"lastname\" id=\"contact-form-6a0094e674727-lastname\" class=\"bg-input border-0 text-black placeholder:text-input-text px-3 py-2 flex-1 focus:ring-2 focus:ring-light-muted flex-1\"  placeholder=\"Apellidos\" required  autocomplete=\"off\"   >            <\/div>\n            <div class=\"flex flex-col gap-2 col-span-full\">\n                <label for=\"contact-form-6a0094e674727-phone\" class=\"text-sm text-light-muted\">\n                    <span>N\u00famero de tel\u00e9fono<\/span>\n                <\/label>\n                <input id=\"contact-form-6a0094e674727-phone\" name=\"phone\" type=\"tel\" class=\"w-full text-black border-none bg-input placeholder:text-input-text focus:ring-2 focus:ring-light-muted\">\n            <\/div>\n            <div class=\"flex flex-col gap-2 col-span-full\">\n                <label for=\"contact-form-6a0094e674727-email\" class=\"space-x-1 text-sm text-light-muted\">\n                    <span>Direcci\u00f3n de email<\/span>\n                    <span class=\"mb-1\">*<\/span>\n                <\/label>\n                \n<input type=\"text\" name=\"email\" id=\"contact-form-6a0094e674727-email\" class=\"bg-input border-0 text-black placeholder:text-input-text px-3 py-2 flex-1 focus:ring-2 focus:ring-light-muted flex-1\"  placeholder=\"Direcci\u00f3n de email\" required  autocomplete=\"off\"   >            <\/div>\n                        <div class=\"flex flex-col gap-2 col-span-full\">\n                <label for=\"contact-form-6a0094e674727-message\" class=\"text-sm text-light-muted\">\n                    <span>Por favor cu\u00e9ntanos m\u00e1s sobre la naturaleza de tu consulta.<\/span>\n                <\/label>\n                <textarea name=\"message\" id=\"contact-form-6a0094e674727-message\" class=\"bg-input border-0 text-black px-3 py-2 flex-1 focus:ring-2 focus:ring-light-muted placeholder:text-input-text flex-1\"  placeholder=\"Mensaje\" required  rows=\"4\"><\/textarea>            <\/div>\n        <\/div>\n        <div class=\"flex gap-2 col-span-full\">\n    <input type=\"checkbox\" name=\"terms\" id=\"contact-form-6a0094e674727-terms\" class=\"size-4 block mt-1 border-light-muted focus:ring-0 focus:outline-none\"   required >\n    <label class=\"flex-1\" for=\"contact-form-6a0094e674727-terms\">Acepto los <a href=\"\/privacy-policy\" class=\"underline hover:no-underline transition-all\">terminos y condiciones de uso<\/a><\/label>\n<\/div>        <div class=\"flex justify-start\">\n            <button class=\"underline underline-offset-[6px] transition duration-300 text-light-dark hover:text-light-muted\" type=\"submit\">Enviar mensaje<\/button>        <\/div>\n\n                <input type=\"hidden\" name=\"form-name\" value=\"Media Contact Form\">\n            <\/form>\n<\/div>\n\n<script>\n    document.addEventListener(\"DOMContentLoaded\", () => {\n        const input = document.querySelector(\"#contact-form-6a0094e674727-phone\");\n        if (input) {\n            window.intlTelInput(input, {\n                initialCountry: \"es\",\n                strictMode: true,\n                loadUtils: () => import(\"\/intl-tel-input\/js\/utils.js?1733756310855\") \/\/ for formatting\/placeholders etc 67b48c2351742-phone\n            });\n        }\n    });\n<\/script>    <\/div>\n<\/section>","protected":false},"excerpt":{"rendered":"","protected":false},"author":1,"featured_media":0,"parent":0,"menu_order":0,"comment_status":"closed","ping_status":"closed","template":"","meta":{"_acf_changed":false,"slim_seo":{"title":"[:en]About Us[:es]Sobre nosotros[:] - Amea","description":"[:en] [:es] [:]"},"footnotes":""},"class_list":["post-182","page","type-page","status-publish","hentry"],"acf":[],"_links":{"self":[{"href":"https:\/\/www.ameaestate.com\/es\/wp-json\/wp\/v2\/pages\/182","targetHints":{"allow":["GET"]}}],"collection":[{"href":"https:\/\/www.ameaestate.com\/es\/wp-json\/wp\/v2\/pages"}],"about":[{"href":"https:\/\/www.ameaestate.com\/es\/wp-json\/wp\/v2\/types\/page"}],"author":[{"embeddable":true,"href":"https:\/\/www.ameaestate.com\/es\/wp-json\/wp\/v2\/users\/1"}],"replies":[{"embeddable":true,"href":"https:\/\/www.ameaestate.com\/es\/wp-json\/wp\/v2\/comments?post=182"}],"version-history":[{"count":45,"href":"https:\/\/www.ameaestate.com\/es\/wp-json\/wp\/v2\/pages\/182\/revisions"}],"predecessor-version":[{"id":634,"href":"https:\/\/www.ameaestate.com\/es\/wp-json\/wp\/v2\/pages\/182\/revisions\/634"}],"wp:attachment":[{"href":"https:\/\/www.ameaestate.com\/es\/wp-json\/wp\/v2\/media?parent=182"}],"curies":[{"name":"wp","href":"https:\/\/api.w.org\/{rel}","templated":true}]}}